{"id":169,"date":"2023-05-02T13:53:37","date_gmt":"2023-05-02T13:53:37","guid":{"rendered":"https:\/\/adx.losacentos.com\/?page_id=169"},"modified":"2023-05-02T13:53:37","modified_gmt":"2023-05-02T13:53:37","slug":"grandes-corporaciones","status":"publish","type":"page","link":"https:\/\/adx.losacentos.com\/ca\/luz\/grandes-corporaciones\/","title":{"rendered":"Grans corporacions"},"content":{"rendered":"","protected":false},"excerpt":{"rendered":"","protected":false},"author":1,"featured_media":0,"parent":154,"menu_order":0,"comment_status":"closed","ping_status":"closed","template":"","meta":{"footnotes":""},"class_list":["post-169","page","type-page","status-publish","hentry"],"yoast_head":"<!-- This site is optimized with the Yoast SEO plugin v20.12 - https:\/\/yoast.com\/wordpress\/plugins\/seo\/ -->\n<title>Grandes corporaciones - Audax Renovables<\/title>\n<meta name=\"robots\" content=\"noindex, follow, max-snippet:-1, max-image-preview:large, max-video-preview:-1\" \/>\n<meta property=\"og:locale\" content=\"ca_ES\" \/>\n<meta property=\"og:type\" content=\"article\" \/>\n<meta property=\"og:title\" content=\"Grandes corporaciones - Audax Renovables\" \/>\n<meta property=\"og:url\" content=\"https:\/\/adx.losacentos.com\/ca\/luz\/grandes-corporaciones\/\" \/>\n<meta property=\"og:site_name\" content=\"Audax Renovables\" \/>\n<meta name=\"twitter:card\" content=\"summary_large_image\" \/>\n<script type=\"application\/ld+json\" class=\"yoast-schema-graph\">{\"@context\":\"https:\/\/schema.org\",\"@graph\":[{\"@type\":\"WebPage\",\"@id\":\"https:\/\/adx.losacentos.com\/luz\/grandes-corporaciones\/\",\"url\":\"https:\/\/adx.losacentos.com\/luz\/grandes-corporaciones\/\",\"name\":\"Grandes corporaciones - Audax Renovables\",\"isPartOf\":{\"@id\":\"https:\/\/adx.losacentos.com\/#website\"},\"datePublished\":\"2023-05-02T13:53:37+00:00\",\"dateModified\":\"2023-05-02T13:53:37+00:00\",\"breadcrumb\":{\"@id\":\"https:\/\/adx.losacentos.com\/luz\/grandes-corporaciones\/#breadcrumb\"},\"inLanguage\":\"ca\",\"potentialAction\":[{\"@type\":\"ReadAction\",\"target\":[\"https:\/\/adx.losacentos.com\/luz\/grandes-corporaciones\/\"]}]},{\"@type\":\"BreadcrumbList\",\"@id\":\"https:\/\/adx.losacentos.com\/luz\/grandes-corporaciones\/#breadcrumb\",\"itemListElement\":[{\"@type\":\"ListItem\",\"position\":1,\"name\":\"Portada\",\"item\":\"https:\/\/adx.losacentos.com\/\"},{\"@type\":\"ListItem\",\"position\":2,\"name\":\"Luz\",\"item\":\"https:\/\/adx.losacentos.com\/luz\/\"},{\"@type\":\"ListItem\",\"position\":3,\"name\":\"Grandes corporaciones\"}]},{\"@type\":\"WebSite\",\"@id\":\"https:\/\/adx.losacentos.com\/#website\",\"url\":\"https:\/\/adx.losacentos.com\/\",\"name\":\"Audax Renovables\",\"description\":\"Compa\u00f1\u00eda independiente dedicada a la producci\u00f3n de energ\u00eda el\u00e9ctrica a partir de fuentes de energ\u00eda 100% renovables\",\"potentialAction\":[{\"@type\":\"SearchAction\",\"target\":{\"@type\":\"EntryPoint\",\"urlTemplate\":\"https:\/\/adx.losacentos.com\/?s={search_term_string}\"},\"query-input\":\"required name=search_term_string\"}],\"inLanguage\":\"ca\"}]}<\/script>\n<!-- \/ Yoast SEO plugin. -->","yoast_head_json":{"title":"Grandes corporaciones - Audax Renovables","robots":{"index":"noindex","follow":"follow","max-snippet":"max-snippet:-1","max-image-preview":"max-image-preview:large","max-video-preview":"max-video-preview:-1"},"og_locale":"ca_ES","og_type":"article","og_title":"Grandes corporaciones - Audax Renovables","og_url":"https:\/\/adx.losacentos.com\/ca\/luz\/grandes-corporaciones\/","og_site_name":"Audax Renovables","twitter_card":"summary_large_image","schema":{"@context":"https:\/\/schema.org","@graph":[{"@type":"WebPage","@id":"https:\/\/adx.losacentos.com\/luz\/grandes-corporaciones\/","url":"https:\/\/adx.losacentos.com\/luz\/grandes-corporaciones\/","name":"Grandes corporaciones - Audax Renovables","isPartOf":{"@id":"https:\/\/adx.losacentos.com\/#website"},"datePublished":"2023-05-02T13:53:37+00:00","dateModified":"2023-05-02T13:53:37+00:00","breadcrumb":{"@id":"https:\/\/adx.losacentos.com\/luz\/grandes-corporaciones\/#breadcrumb"},"inLanguage":"ca","potentialAction":[{"@type":"ReadAction","target":["https:\/\/adx.losacentos.com\/luz\/grandes-corporaciones\/"]}]},{"@type":"BreadcrumbList","@id":"https:\/\/adx.losacentos.com\/luz\/grandes-corporaciones\/#breadcrumb","itemListElement":[{"@type":"ListItem","position":1,"name":"Portada","item":"https:\/\/adx.losacentos.com\/"},{"@type":"ListItem","position":2,"name":"Luz","item":"https:\/\/adx.losacentos.com\/luz\/"},{"@type":"ListItem","position":3,"name":"Grandes corporaciones"}]},{"@type":"WebSite","@id":"https:\/\/adx.losacentos.com\/#website","url":"https:\/\/adx.losacentos.com\/","name":"Audax Renovables","description":"Compa\u00f1\u00eda independiente dedicada a la producci\u00f3n de energ\u00eda el\u00e9ctrica a partir de fuentes de energ\u00eda 100% renovables","potentialAction":[{"@type":"SearchAction","target":{"@type":"EntryPoint","urlTemplate":"https:\/\/adx.losacentos.com\/?s={search_term_string}"},"query-input":"required name=search_term_string"}],"inLanguage":"ca"}]}},"_links":{"self":[{"href":"https:\/\/adx.losacentos.com\/ca\/wp-json\/wp\/v2\/pages\/169","targetHints":{"allow":["GET"]}}],"collection":[{"href":"https:\/\/adx.losacentos.com\/ca\/wp-json\/wp\/v2\/pages"}],"about":[{"href":"https:\/\/adx.losacentos.com\/ca\/wp-json\/wp\/v2\/types\/page"}],"author":[{"embeddable":true,"href":"https:\/\/adx.losacentos.com\/ca\/wp-json\/wp\/v2\/users\/1"}],"replies":[{"embeddable":true,"href":"https:\/\/adx.losacentos.com\/ca\/wp-json\/wp\/v2\/comments?post=169"}],"version-history":[{"count":1,"href":"https:\/\/adx.losacentos.com\/ca\/wp-json\/wp\/v2\/pages\/169\/revisions"}],"predecessor-version":[{"id":170,"href":"https:\/\/adx.losacentos.com\/ca\/wp-json\/wp\/v2\/pages\/169\/revisions\/170"}],"up":[{"embeddable":true,"href":"https:\/\/adx.losacentos.com\/ca\/wp-json\/wp\/v2\/pages\/154"}],"wp:attachment":[{"href":"https:\/\/adx.losacentos.com\/ca\/wp-json\/wp\/v2\/media?parent=169"}],"curies":[{"name":"wp","href":"https:\/\/api.w.org\/{rel}","templated":true}]}}