{"id":360,"date":"2023-05-08T14:48:03","date_gmt":"2023-05-08T14:48:03","guid":{"rendered":"https:\/\/adx.losacentos.com\/?page_id=360"},"modified":"2023-05-08T14:48:44","modified_gmt":"2023-05-08T14:48:44","slug":"tarifa-indexada-de-alta-tension","status":"publish","type":"page","link":"https:\/\/adx.losacentos.com\/ca\/tarifes\/grandes-corporaciones\/tarifa-indexada-de-alta-tension\/","title":{"rendered":"Tarifa indexada de alta tensi\u00f3n"},"content":{"rendered":"","protected":false},"excerpt":{"rendered":"","protected":false},"author":1,"featured_media":0,"parent":219,"menu_order":0,"comment_status":"closed","ping_status":"closed","template":"","meta":{"footnotes":""},"class_list":["post-360","page","type-page","status-publish","hentry"],"yoast_head":"<!-- This site is optimized with the Yoast SEO plugin v20.12 - https:\/\/yoast.com\/wordpress\/plugins\/seo\/ -->\n<title>Tarifa indexada de alta tensi\u00f3n - Audax Renovables<\/title>\n<meta name=\"robots\" content=\"noindex, follow, max-snippet:-1, max-image-preview:large, max-video-preview:-1\" \/>\n<meta property=\"og:locale\" content=\"ca_ES\" \/>\n<meta property=\"og:type\" content=\"article\" \/>\n<meta property=\"og:title\" content=\"Tarifa indexada de alta tensi\u00f3n - Audax Renovables\" \/>\n<meta property=\"og:url\" content=\"https:\/\/adx.losacentos.com\/ca\/tarifes\/grandes-corporaciones\/tarifa-indexada-de-alta-tension\/\" \/>\n<meta property=\"og:site_name\" content=\"Audax Renovables\" \/>\n<meta property=\"article:modified_time\" content=\"2023-05-08T14:48:44+00:00\" \/>\n<meta name=\"twitter:card\" content=\"summary_large_image\" \/>\n<script type=\"application\/ld+json\" class=\"yoast-schema-graph\">{\"@context\":\"https:\/\/schema.org\",\"@graph\":[{\"@type\":\"WebPage\",\"@id\":\"https:\/\/adx.losacentos.com\/tarifas\/grandes-corporaciones\/tarifa-indexada-de-alta-tension\/\",\"url\":\"https:\/\/adx.losacentos.com\/tarifas\/grandes-corporaciones\/tarifa-indexada-de-alta-tension\/\",\"name\":\"Tarifa indexada de alta tensi\u00f3n - Audax Renovables\",\"isPartOf\":{\"@id\":\"https:\/\/adx.losacentos.com\/#website\"},\"datePublished\":\"2023-05-08T14:48:03+00:00\",\"dateModified\":\"2023-05-08T14:48:44+00:00\",\"breadcrumb\":{\"@id\":\"https:\/\/adx.losacentos.com\/tarifas\/grandes-corporaciones\/tarifa-indexada-de-alta-tension\/#breadcrumb\"},\"inLanguage\":\"ca\",\"potentialAction\":[{\"@type\":\"ReadAction\",\"target\":[\"https:\/\/adx.losacentos.com\/tarifas\/grandes-corporaciones\/tarifa-indexada-de-alta-tension\/\"]}]},{\"@type\":\"BreadcrumbList\",\"@id\":\"https:\/\/adx.losacentos.com\/tarifas\/grandes-corporaciones\/tarifa-indexada-de-alta-tension\/#breadcrumb\",\"itemListElement\":[{\"@type\":\"ListItem\",\"position\":1,\"name\":\"Portada\",\"item\":\"https:\/\/adx.losacentos.com\/\"},{\"@type\":\"ListItem\",\"position\":2,\"name\":\"Tarifas\",\"item\":\"https:\/\/adx.losacentos.com\/tarifas\/\"},{\"@type\":\"ListItem\",\"position\":3,\"name\":\"Grandes corporaciones\",\"item\":\"https:\/\/adx.losacentos.com\/tarifas\/grandes-corporaciones\/\"},{\"@type\":\"ListItem\",\"position\":4,\"name\":\"Tarifa indexada de alta tensi\u00f3n\"}]},{\"@type\":\"WebSite\",\"@id\":\"https:\/\/adx.losacentos.com\/#website\",\"url\":\"https:\/\/adx.losacentos.com\/\",\"name\":\"Audax Renovables\",\"description\":\"Compa\u00f1\u00eda independiente dedicada a la producci\u00f3n de energ\u00eda el\u00e9ctrica a partir de fuentes de energ\u00eda 100% renovables\",\"potentialAction\":[{\"@type\":\"SearchAction\",\"target\":{\"@type\":\"EntryPoint\",\"urlTemplate\":\"https:\/\/adx.losacentos.com\/?s={search_term_string}\"},\"query-input\":\"required name=search_term_string\"}],\"inLanguage\":\"ca\"}]}<\/script>\n<!-- \/ Yoast SEO plugin. -->","yoast_head_json":{"title":"Tarifa indexada de alta tensi\u00f3n - Audax Renovables","robots":{"index":"noindex","follow":"follow","max-snippet":"max-snippet:-1","max-image-preview":"max-image-preview:large","max-video-preview":"max-video-preview:-1"},"og_locale":"ca_ES","og_type":"article","og_title":"Tarifa indexada de alta tensi\u00f3n - Audax Renovables","og_url":"https:\/\/adx.losacentos.com\/ca\/tarifes\/grandes-corporaciones\/tarifa-indexada-de-alta-tension\/","og_site_name":"Audax Renovables","article_modified_time":"2023-05-08T14:48:44+00:00","twitter_card":"summary_large_image","schema":{"@context":"https:\/\/schema.org","@graph":[{"@type":"WebPage","@id":"https:\/\/adx.losacentos.com\/tarifas\/grandes-corporaciones\/tarifa-indexada-de-alta-tension\/","url":"https:\/\/adx.losacentos.com\/tarifas\/grandes-corporaciones\/tarifa-indexada-de-alta-tension\/","name":"Tarifa indexada de alta tensi\u00f3n - Audax Renovables","isPartOf":{"@id":"https:\/\/adx.losacentos.com\/#website"},"datePublished":"2023-05-08T14:48:03+00:00","dateModified":"2023-05-08T14:48:44+00:00","breadcrumb":{"@id":"https:\/\/adx.losacentos.com\/tarifas\/grandes-corporaciones\/tarifa-indexada-de-alta-tension\/#breadcrumb"},"inLanguage":"ca","potentialAction":[{"@type":"ReadAction","target":["https:\/\/adx.losacentos.com\/tarifas\/grandes-corporaciones\/tarifa-indexada-de-alta-tension\/"]}]},{"@type":"BreadcrumbList","@id":"https:\/\/adx.losacentos.com\/tarifas\/grandes-corporaciones\/tarifa-indexada-de-alta-tension\/#breadcrumb","itemListElement":[{"@type":"ListItem","position":1,"name":"Portada","item":"https:\/\/adx.losacentos.com\/"},{"@type":"ListItem","position":2,"name":"Tarifas","item":"https:\/\/adx.losacentos.com\/tarifas\/"},{"@type":"ListItem","position":3,"name":"Grandes corporaciones","item":"https:\/\/adx.losacentos.com\/tarifas\/grandes-corporaciones\/"},{"@type":"ListItem","position":4,"name":"Tarifa indexada de alta tensi\u00f3n"}]},{"@type":"WebSite","@id":"https:\/\/adx.losacentos.com\/#website","url":"https:\/\/adx.losacentos.com\/","name":"Audax Renovables","description":"Compa\u00f1\u00eda independiente dedicada a la producci\u00f3n de energ\u00eda el\u00e9ctrica a partir de fuentes de energ\u00eda 100% renovables","potentialAction":[{"@type":"SearchAction","target":{"@type":"EntryPoint","urlTemplate":"https:\/\/adx.losacentos.com\/?s={search_term_string}"},"query-input":"required name=search_term_string"}],"inLanguage":"ca"}]}},"_links":{"self":[{"href":"https:\/\/adx.losacentos.com\/ca\/wp-json\/wp\/v2\/pages\/360","targetHints":{"allow":["GET"]}}],"collection":[{"href":"https:\/\/adx.losacentos.com\/ca\/wp-json\/wp\/v2\/pages"}],"about":[{"href":"https:\/\/adx.losacentos.com\/ca\/wp-json\/wp\/v2\/types\/page"}],"author":[{"embeddable":true,"href":"https:\/\/adx.losacentos.com\/ca\/wp-json\/wp\/v2\/users\/1"}],"replies":[{"embeddable":true,"href":"https:\/\/adx.losacentos.com\/ca\/wp-json\/wp\/v2\/comments?post=360"}],"version-history":[{"count":1,"href":"https:\/\/adx.losacentos.com\/ca\/wp-json\/wp\/v2\/pages\/360\/revisions"}],"predecessor-version":[{"id":361,"href":"https:\/\/adx.losacentos.com\/ca\/wp-json\/wp\/v2\/pages\/360\/revisions\/361"}],"up":[{"embeddable":true,"href":"https:\/\/adx.losacentos.com\/ca\/wp-json\/wp\/v2\/pages\/219"}],"wp:attachment":[{"href":"https:\/\/adx.losacentos.com\/ca\/wp-json\/wp\/v2\/media?parent=360"}],"curies":[{"name":"wp","href":"https:\/\/api.w.org\/{rel}","templated":true}]}}