{"id":32,"date":"2023-04-05T16:04:19","date_gmt":"2023-04-05T16:04:19","guid":{"rendered":"https:\/\/adx.losacentos.com\/?page_id=32"},"modified":"2023-07-25T06:35:51","modified_gmt":"2023-07-25T06:35:51","slug":"quienes-somos","status":"publish","type":"page","link":"https:\/\/adx.losacentos.com\/en\/sobre-nosotros\/about-us\/","title":{"rendered":"About us"},"content":{"rendered":"","protected":false},"excerpt":{"rendered":"","protected":false},"author":1,"featured_media":0,"parent":125,"menu_order":0,"comment_status":"closed","ping_status":"closed","template":"","meta":{"footnotes":""},"class_list":["post-32","page","type-page","status-publish","hentry"],"yoast_head":"<!-- This site is optimized with the Yoast SEO plugin v20.12 - https:\/\/yoast.com\/wordpress\/plugins\/seo\/ -->\n<title>Qui\u00e9nes somos - Audax Renovables<\/title>\n<meta name=\"robots\" content=\"noindex, follow, max-snippet:-1, max-image-preview:large, max-video-preview:-1\" \/>\n<meta property=\"og:locale\" content=\"en_GB\" \/>\n<meta property=\"og:type\" content=\"article\" \/>\n<meta property=\"og:title\" content=\"Qui\u00e9nes somos - Audax Renovables\" \/>\n<meta property=\"og:url\" content=\"https:\/\/adx.losacentos.com\/en\/sobre-nosotros\/about-us\/\" \/>\n<meta property=\"og:site_name\" content=\"Audax Renovables\" \/>\n<meta property=\"article:modified_time\" content=\"2023-07-25T06:35:51+00:00\" \/>\n<meta name=\"twitter:card\" content=\"summary_large_image\" \/>\n<script type=\"application\/ld+json\" class=\"yoast-schema-graph\">{\"@context\":\"https:\/\/schema.org\",\"@graph\":[{\"@type\":\"WebPage\",\"@id\":\"https:\/\/adx.losacentos.com\/sobre-nosotros\/quienes-somos\/\",\"url\":\"https:\/\/adx.losacentos.com\/sobre-nosotros\/quienes-somos\/\",\"name\":\"Qui\u00e9nes somos - Audax Renovables\",\"isPartOf\":{\"@id\":\"https:\/\/adx.losacentos.com\/#website\"},\"datePublished\":\"2023-04-05T16:04:19+00:00\",\"dateModified\":\"2023-07-25T06:35:51+00:00\",\"breadcrumb\":{\"@id\":\"https:\/\/adx.losacentos.com\/sobre-nosotros\/quienes-somos\/#breadcrumb\"},\"inLanguage\":\"en-GB\",\"potentialAction\":[{\"@type\":\"ReadAction\",\"target\":[\"https:\/\/adx.losacentos.com\/sobre-nosotros\/quienes-somos\/\"]}]},{\"@type\":\"BreadcrumbList\",\"@id\":\"https:\/\/adx.losacentos.com\/sobre-nosotros\/quienes-somos\/#breadcrumb\",\"itemListElement\":[{\"@type\":\"ListItem\",\"position\":1,\"name\":\"Portada\",\"item\":\"https:\/\/adx.losacentos.com\/\"},{\"@type\":\"ListItem\",\"position\":2,\"name\":\"Sobre nosotros\",\"item\":\"https:\/\/adx.losacentos.com\/sobre-nosotros\/\"},{\"@type\":\"ListItem\",\"position\":3,\"name\":\"Qui\u00e9nes somos\"}]},{\"@type\":\"WebSite\",\"@id\":\"https:\/\/adx.losacentos.com\/#website\",\"url\":\"https:\/\/adx.losacentos.com\/\",\"name\":\"Audax Renovables\",\"description\":\"Compa\u00f1\u00eda independiente dedicada a la producci\u00f3n de energ\u00eda el\u00e9ctrica a partir de fuentes de energ\u00eda 100% renovables\",\"potentialAction\":[{\"@type\":\"SearchAction\",\"target\":{\"@type\":\"EntryPoint\",\"urlTemplate\":\"https:\/\/adx.losacentos.com\/?s={search_term_string}\"},\"query-input\":\"required name=search_term_string\"}],\"inLanguage\":\"en-GB\"}]}<\/script>\n<!-- \/ Yoast SEO plugin. -->","yoast_head_json":{"title":"Qui\u00e9nes somos - Audax Renovables","robots":{"index":"noindex","follow":"follow","max-snippet":"max-snippet:-1","max-image-preview":"max-image-preview:large","max-video-preview":"max-video-preview:-1"},"og_locale":"en_GB","og_type":"article","og_title":"Qui\u00e9nes somos - Audax Renovables","og_url":"https:\/\/adx.losacentos.com\/en\/sobre-nosotros\/about-us\/","og_site_name":"Audax Renovables","article_modified_time":"2023-07-25T06:35:51+00:00","twitter_card":"summary_large_image","schema":{"@context":"https:\/\/schema.org","@graph":[{"@type":"WebPage","@id":"https:\/\/adx.losacentos.com\/sobre-nosotros\/quienes-somos\/","url":"https:\/\/adx.losacentos.com\/sobre-nosotros\/quienes-somos\/","name":"Qui\u00e9nes somos - Audax Renovables","isPartOf":{"@id":"https:\/\/adx.losacentos.com\/#website"},"datePublished":"2023-04-05T16:04:19+00:00","dateModified":"2023-07-25T06:35:51+00:00","breadcrumb":{"@id":"https:\/\/adx.losacentos.com\/sobre-nosotros\/quienes-somos\/#breadcrumb"},"inLanguage":"en-GB","potentialAction":[{"@type":"ReadAction","target":["https:\/\/adx.losacentos.com\/sobre-nosotros\/quienes-somos\/"]}]},{"@type":"BreadcrumbList","@id":"https:\/\/adx.losacentos.com\/sobre-nosotros\/quienes-somos\/#breadcrumb","itemListElement":[{"@type":"ListItem","position":1,"name":"Portada","item":"https:\/\/adx.losacentos.com\/"},{"@type":"ListItem","position":2,"name":"Sobre nosotros","item":"https:\/\/adx.losacentos.com\/sobre-nosotros\/"},{"@type":"ListItem","position":3,"name":"Qui\u00e9nes somos"}]},{"@type":"WebSite","@id":"https:\/\/adx.losacentos.com\/#website","url":"https:\/\/adx.losacentos.com\/","name":"Audax Renovables","description":"Compa\u00f1\u00eda independiente dedicada a la producci\u00f3n de energ\u00eda el\u00e9ctrica a partir de fuentes de energ\u00eda 100% renovables","potentialAction":[{"@type":"SearchAction","target":{"@type":"EntryPoint","urlTemplate":"https:\/\/adx.losacentos.com\/?s={search_term_string}"},"query-input":"required name=search_term_string"}],"inLanguage":"en-GB"}]}},"_links":{"self":[{"href":"https:\/\/adx.losacentos.com\/en\/wp-json\/wp\/v2\/pages\/32","targetHints":{"allow":["GET"]}}],"collection":[{"href":"https:\/\/adx.losacentos.com\/en\/wp-json\/wp\/v2\/pages"}],"about":[{"href":"https:\/\/adx.losacentos.com\/en\/wp-json\/wp\/v2\/types\/page"}],"author":[{"embeddable":true,"href":"https:\/\/adx.losacentos.com\/en\/wp-json\/wp\/v2\/users\/1"}],"replies":[{"embeddable":true,"href":"https:\/\/adx.losacentos.com\/en\/wp-json\/wp\/v2\/comments?post=32"}],"version-history":[{"count":2,"href":"https:\/\/adx.losacentos.com\/en\/wp-json\/wp\/v2\/pages\/32\/revisions"}],"predecessor-version":[{"id":3097,"href":"https:\/\/adx.losacentos.com\/en\/wp-json\/wp\/v2\/pages\/32\/revisions\/3097"}],"up":[{"embeddable":true,"href":"https:\/\/adx.losacentos.com\/en\/wp-json\/wp\/v2\/pages\/125"}],"wp:attachment":[{"href":"https:\/\/adx.losacentos.com\/en\/wp-json\/wp\/v2\/media?parent=32"}],"curies":[{"name":"wp","href":"https:\/\/api.w.org\/{rel}","templated":true}]}}