{"id":273,"date":"2023-05-08T07:39:37","date_gmt":"2023-05-08T07:39:37","guid":{"rendered":"https:\/\/adx.losacentos.com\/?page_id=273"},"modified":"2023-07-11T10:46:45","modified_gmt":"2023-07-11T10:46:45","slug":"faqs","status":"publish","type":"page","link":"https:\/\/adx.losacentos.com\/es\/te-ayudamos\/faqs\/","title":{"rendered":"FAQS - Preguntas Frecuentes"},"content":{"rendered":"","protected":false},"excerpt":{"rendered":"","protected":false},"author":1,"featured_media":0,"parent":237,"menu_order":0,"comment_status":"closed","ping_status":"closed","template":"","meta":{"footnotes":""},"class_list":["post-273","page","type-page","status-publish","hentry"],"yoast_head":"<!-- This site is optimized with the Yoast SEO plugin v20.12 - https:\/\/yoast.com\/wordpress\/plugins\/seo\/ -->\n<title>FAQS - Preguntas Frecuentes - Audax Renovables<\/title>\n<meta name=\"robots\" content=\"noindex, follow, max-snippet:-1, max-image-preview:large, max-video-preview:-1\" \/>\n<meta property=\"og:locale\" content=\"es_ES\" \/>\n<meta property=\"og:type\" content=\"article\" \/>\n<meta property=\"og:title\" content=\"FAQS - Preguntas Frecuentes - Audax Renovables\" \/>\n<meta property=\"og:url\" content=\"https:\/\/adx.losacentos.com\/es\/te-ayudamos\/faqs\/\" \/>\n<meta property=\"og:site_name\" content=\"Audax Renovables\" \/>\n<meta property=\"article:modified_time\" content=\"2023-07-11T10:46:45+00:00\" \/>\n<meta name=\"twitter:card\" content=\"summary_large_image\" \/>\n<script type=\"application\/ld+json\" class=\"yoast-schema-graph\">{\"@context\":\"https:\/\/schema.org\",\"@graph\":[{\"@type\":\"WebPage\",\"@id\":\"https:\/\/adx.losacentos.com\/te-ayudamos\/faqs\/\",\"url\":\"https:\/\/adx.losacentos.com\/te-ayudamos\/faqs\/\",\"name\":\"FAQS - Preguntas Frecuentes - Audax Renovables\",\"isPartOf\":{\"@id\":\"https:\/\/adx.losacentos.com\/#website\"},\"datePublished\":\"2023-05-08T07:39:37+00:00\",\"dateModified\":\"2023-07-11T10:46:45+00:00\",\"breadcrumb\":{\"@id\":\"https:\/\/adx.losacentos.com\/te-ayudamos\/faqs\/#breadcrumb\"},\"inLanguage\":\"es\",\"potentialAction\":[{\"@type\":\"ReadAction\",\"target\":[\"https:\/\/adx.losacentos.com\/te-ayudamos\/faqs\/\"]}]},{\"@type\":\"BreadcrumbList\",\"@id\":\"https:\/\/adx.losacentos.com\/te-ayudamos\/faqs\/#breadcrumb\",\"itemListElement\":[{\"@type\":\"ListItem\",\"position\":1,\"name\":\"Portada\",\"item\":\"https:\/\/adx.losacentos.com\/\"},{\"@type\":\"ListItem\",\"position\":2,\"name\":\"Te ayudamos\",\"item\":\"https:\/\/adx.losacentos.com\/te-ayudamos\/\"},{\"@type\":\"ListItem\",\"position\":3,\"name\":\"FAQS - Preguntas Frecuentes\"}]},{\"@type\":\"WebSite\",\"@id\":\"https:\/\/adx.losacentos.com\/#website\",\"url\":\"https:\/\/adx.losacentos.com\/\",\"name\":\"Audax Renovables\",\"description\":\"Compa\u00f1\u00eda independiente dedicada a la producci\u00f3n de energ\u00eda el\u00e9ctrica a partir de fuentes de energ\u00eda 100% renovables\",\"potentialAction\":[{\"@type\":\"SearchAction\",\"target\":{\"@type\":\"EntryPoint\",\"urlTemplate\":\"https:\/\/adx.losacentos.com\/?s={search_term_string}\"},\"query-input\":\"required name=search_term_string\"}],\"inLanguage\":\"es\"}]}<\/script>\n<!-- \/ Yoast SEO plugin. -->","yoast_head_json":{"title":"FAQS - Preguntas Frecuentes - Audax Renovables","robots":{"index":"noindex","follow":"follow","max-snippet":"max-snippet:-1","max-image-preview":"max-image-preview:large","max-video-preview":"max-video-preview:-1"},"og_locale":"es_ES","og_type":"article","og_title":"FAQS - Preguntas Frecuentes - Audax Renovables","og_url":"https:\/\/adx.losacentos.com\/es\/te-ayudamos\/faqs\/","og_site_name":"Audax Renovables","article_modified_time":"2023-07-11T10:46:45+00:00","twitter_card":"summary_large_image","schema":{"@context":"https:\/\/schema.org","@graph":[{"@type":"WebPage","@id":"https:\/\/adx.losacentos.com\/te-ayudamos\/faqs\/","url":"https:\/\/adx.losacentos.com\/te-ayudamos\/faqs\/","name":"FAQS - Preguntas Frecuentes - Audax Renovables","isPartOf":{"@id":"https:\/\/adx.losacentos.com\/#website"},"datePublished":"2023-05-08T07:39:37+00:00","dateModified":"2023-07-11T10:46:45+00:00","breadcrumb":{"@id":"https:\/\/adx.losacentos.com\/te-ayudamos\/faqs\/#breadcrumb"},"inLanguage":"es","potentialAction":[{"@type":"ReadAction","target":["https:\/\/adx.losacentos.com\/te-ayudamos\/faqs\/"]}]},{"@type":"BreadcrumbList","@id":"https:\/\/adx.losacentos.com\/te-ayudamos\/faqs\/#breadcrumb","itemListElement":[{"@type":"ListItem","position":1,"name":"Portada","item":"https:\/\/adx.losacentos.com\/"},{"@type":"ListItem","position":2,"name":"Te ayudamos","item":"https:\/\/adx.losacentos.com\/te-ayudamos\/"},{"@type":"ListItem","position":3,"name":"FAQS - Preguntas Frecuentes"}]},{"@type":"WebSite","@id":"https:\/\/adx.losacentos.com\/#website","url":"https:\/\/adx.losacentos.com\/","name":"Audax Renovables","description":"Compa\u00f1\u00eda independiente dedicada a la producci\u00f3n de energ\u00eda el\u00e9ctrica a partir de fuentes de energ\u00eda 100% renovables","potentialAction":[{"@type":"SearchAction","target":{"@type":"EntryPoint","urlTemplate":"https:\/\/adx.losacentos.com\/?s={search_term_string}"},"query-input":"required name=search_term_string"}],"inLanguage":"es"}]}},"_links":{"self":[{"href":"https:\/\/adx.losacentos.com\/es\/wp-json\/wp\/v2\/pages\/273","targetHints":{"allow":["GET"]}}],"collection":[{"href":"https:\/\/adx.losacentos.com\/es\/wp-json\/wp\/v2\/pages"}],"about":[{"href":"https:\/\/adx.losacentos.com\/es\/wp-json\/wp\/v2\/types\/page"}],"author":[{"embeddable":true,"href":"https:\/\/adx.losacentos.com\/es\/wp-json\/wp\/v2\/users\/1"}],"replies":[{"embeddable":true,"href":"https:\/\/adx.losacentos.com\/es\/wp-json\/wp\/v2\/comments?post=273"}],"version-history":[{"count":2,"href":"https:\/\/adx.losacentos.com\/es\/wp-json\/wp\/v2\/pages\/273\/revisions"}],"predecessor-version":[{"id":3061,"href":"https:\/\/adx.losacentos.com\/es\/wp-json\/wp\/v2\/pages\/273\/revisions\/3061"}],"up":[{"embeddable":true,"href":"https:\/\/adx.losacentos.com\/es\/wp-json\/wp\/v2\/pages\/237"}],"wp:attachment":[{"href":"https:\/\/adx.losacentos.com\/es\/wp-json\/wp\/v2\/media?parent=273"}],"curies":[{"name":"wp","href":"https:\/\/api.w.org\/{rel}","templated":true}]}}